{"id":1053,"date":"2023-09-01T17:13:24","date_gmt":"2023-09-01T15:13:24","guid":{"rendered":"http:\/\/127.0.0.1\/wordpress\/?page_id=1053"},"modified":"2023-12-29T17:19:29","modified_gmt":"2023-12-29T15:19:29","slug":"lightrest-coup-de-main","status":"publish","type":"page","link":"https:\/\/lightrest.codeline.fr\/index.php\/lightrest-coup-de-main\/","title":{"rendered":"LightREST : Un coup de main ?"},"content":{"rendered":"\n<h5 class=\"wp-block-heading\">Un <strong>coup de main<\/strong> ?<\/h5>\n\n\n\n<p>Les concepteurs de <mark style=\"background-color:rgba(0, 0, 0, 0);color:#02639c\" class=\"has-inline-color\"><mark style=\"background-color:rgba(0, 0, 0, 0);color:#004080\" class=\"has-inline-color\"><strong><mark style=\"background-color:rgba(0, 0, 0, 0);color:#004080\" class=\"has-inline-color\">LightREST<\/mark><\/strong><\/mark><\/mark> d\u00e9veloppent sous <a href=\"https:\/\/pcsoft.fr\/windev\" target=\"_blank\" rel=\"noreferrer noopener\">WinDev<sup>\u00ae<\/sup><\/a> depuis presque 30 ans.<br>L&rsquo;utilisation conjointe de <a href=\"https:\/\/pcsoft.fr\/windev\" target=\"_blank\" rel=\"noreferrer noopener\">WinDev<sup>\u00ae<\/sup><\/a> et d&rsquo;autres technologies (de plus bas niveau) ont permis la r\u00e9alisation du composant <mark style=\"background-color:rgba(0, 0, 0, 0);color:#02639c\" class=\"has-inline-color\"><mark style=\"background-color:rgba(0, 0, 0, 0);color:#004080\" class=\"has-inline-color\"><strong><mark style=\"background-color:rgba(0, 0, 0, 0);color:#004080\" class=\"has-inline-color\">LightREST<\/mark><\/strong><\/mark><\/mark>, qui est utilis\u00e9 en production depuis plusieurs ann\u00e9es par les \u00e9quipes de la soci\u00e9t\u00e9 <a href=\"https:\/\/www.codeline.fr\/\" target=\"_blank\" rel=\"noreferrer noopener\"><u>CODE LINE<\/u><\/a>.<\/p>\n\n\n\n<p>La soci\u00e9t\u00e9&nbsp;<a rel=\"noreferrer noopener\" href=\"https:\/\/www.codeline.fr\/\" target=\"_blank\"><u>CODE LINE<\/u><\/a>&nbsp;(membre du groupe&nbsp;<a rel=\"noreferrer noopener\" href=\"https:\/\/www.silico.fr\/\" target=\"_blank\"><u>SILICO<\/u><\/a>) est \u00e0 votre disposition pour toute assistance \u00e0 la mise en \u0153uvre de <mark style=\"background-color:rgba(0, 0, 0, 0);color:#02639c\" class=\"has-inline-color\"><mark style=\"background-color:rgba(0, 0, 0, 0);color:#004080\" class=\"has-inline-color\"><strong><mark style=\"background-color:rgba(0, 0, 0, 0);color:#004080\" class=\"has-inline-color\">LightREST<\/mark><\/strong><\/mark><\/mark> (et tout type de prestation autour des AGLs&nbsp;<a rel=\"noreferrer noopener\" href=\"https:\/\/pcsoft.fr\/\" target=\"_blank\">PC SOFT<\/a>), mais \u00e9galement pour vous assister dans la conception et le d\u00e9ploiement de votre infrastructure d&rsquo;h\u00e9bergement (<em>certification&nbsp;<a rel=\"noreferrer noopener\" href=\"https:\/\/aws.amazon.com\/\" target=\"_blank\">Amazon AWS<\/a><\/em>).<\/p>\n\n\n\n<p><a title=\"\" href=\"https:\/\/www.codeline.fr\" target=\"_blank\" rel=\"noopener\">CODE LINE<\/a> est l\u00e0 pour vous aider dans votre int\u00e9gration du composant <mark style=\"background-color:rgba(0, 0, 0, 0);color:#02639c\" class=\"has-inline-color\"><mark style=\"background-color:rgba(0, 0, 0, 0);color:#004080\" class=\"has-inline-color\"><strong><mark style=\"background-color:rgba(0, 0, 0, 0);color:#004080\" class=\"has-inline-color\">LightREST<\/mark><\/strong><\/mark><\/mark> .<br>Une question technique ou autre ?<br>Une suggestion d&rsquo;\u00e9volution ?<br>Un dysfonctionnement \u00e0 signaler ?<br>Besoin d&rsquo;un coup d&rsquo;\u0153il ext\u00e9rieur, d&rsquo;une optimisation sur un traitement paresseux, d&rsquo;un renfort dans votre \u00e9quipe ?<br><br>Laissez-nous un message !<\/p>\n\n\n<div class=\"wpforms-container wpforms-container-full wpforms-block wpforms-block-c095368e-7263-47f3-95dc-2aaa02749e8e wpforms-render-modern\" id=\"wpforms-1128\"><form id=\"wpforms-form-1128\" class=\"wpforms-validate wpforms-form wpforms-ajax-form\" data-formid=\"1128\" method=\"post\" enctype=\"multipart\/form-data\" action=\"\/index.php\/wp-json\/wp\/v2\/pages\/1053\" data-token=\"3ebf73167aa946e820159f25215a1d32\" data-token-time=\"1778071670\"><noscript class=\"wpforms-error-noscript\">Veuillez activer JavaScript dans votre navigateur pour remplir ce formulaire.<\/noscript><div id=\"wpforms-error-noscript\" style=\"display: none;\">Veuillez activer JavaScript dans votre navigateur pour remplir ce formulaire.<\/div><div class=\"wpforms-field-container\"><div id=\"wpforms-1128-field_0-container\" class=\"wpforms-field wpforms-field-name\" data-field-id=\"0\"><label class=\"wpforms-field-label\" for=\"wpforms-1128-field_0\">Nom <span class=\"wpforms-required-label\" aria-hidden=\"true\">*<\/span><\/label><input type=\"text\" id=\"wpforms-1128-field_0\" class=\"wpforms-field-medium wpforms-field-required\" name=\"wpforms[fields][0]\" aria-errormessage=\"wpforms-1128-field_0-error\" required><\/div><div id=\"wpforms-1128-field_3-container\" class=\"wpforms-field wpforms-field-text\" data-field-id=\"3\"><label class=\"wpforms-field-label\" for=\"wpforms-1128-field_3\">Soci\u00e9t\u00e9<\/label><input type=\"text\" id=\"wpforms-1128-field_3\" class=\"wpforms-field-medium\" name=\"wpforms[fields][3]\" aria-errormessage=\"wpforms-1128-field_3-error\" ><\/div><div id=\"wpforms-1128-field_1-container\" class=\"wpforms-field wpforms-field-email\" data-field-id=\"1\"><label class=\"wpforms-field-label\" for=\"wpforms-1128-field_1\">Email <span class=\"wpforms-required-label\" aria-hidden=\"true\">*<\/span><\/label><input type=\"email\" id=\"wpforms-1128-field_1\" class=\"wpforms-field-medium wpforms-field-required\" name=\"wpforms[fields][1]\" spellcheck=\"false\" aria-errormessage=\"wpforms-1128-field_1-error\" required><\/div>\t\t<div id=\"wpforms-1128-field_4-container\"\n\t\t\tclass=\"wpforms-field wpforms-field-text\"\n\t\t\tdata-field-type=\"text\"\n\t\t\tdata-field-id=\"4\"\n\t\t\t>\n\t\t\t<label class=\"wpforms-field-label\" for=\"wpforms-1128-field_4\" >Message Soci\u00e9t\u00e9 Nom<\/label>\n\t\t\t<input type=\"text\" id=\"wpforms-1128-field_4\" class=\"wpforms-field-medium\" name=\"wpforms[fields][4]\" >\n\t\t<\/div>\n\t\t<div id=\"wpforms-1128-field_2-container\" class=\"wpforms-field wpforms-field-textarea\" data-field-id=\"2\"><label class=\"wpforms-field-label\" for=\"wpforms-1128-field_2\">Message <span class=\"wpforms-required-label\" aria-hidden=\"true\">*<\/span><\/label><textarea id=\"wpforms-1128-field_2\" class=\"wpforms-field-medium wpforms-field-required\" name=\"wpforms[fields][2]\" aria-errormessage=\"wpforms-1128-field_2-error\" required><\/textarea><\/div><script>\n\t\t\t\t( function() {\n\t\t\t\t\tconst style = document.createElement( 'style' );\n\t\t\t\t\tstyle.appendChild( document.createTextNode( '#wpforms-1128-field_4-container { position: absolute !important; overflow: hidden !important; display: inline !important; height: 1px !important; width: 1px !important; z-index: -1000 !important; padding: 0 !important; } #wpforms-1128-field_4-container input { visibility: hidden; } #wpforms-conversational-form-page #wpforms-1128-field_4-container label { counter-increment: none; }' ) );\n\t\t\t\t\tdocument.head.appendChild( style );\n\t\t\t\t\tdocument.currentScript?.remove();\n\t\t\t\t} )();\n\t\t\t<\/script><\/div><!-- .wpforms-field-container --><div class=\"wpforms-submit-container\" ><input type=\"hidden\" name=\"wpforms[id]\" value=\"1128\"><input type=\"hidden\" name=\"page_title\" value=\"\"><input type=\"hidden\" name=\"page_url\" value=\"https:\/\/lightrest.codeline.fr\/index.php\/wp-json\/wp\/v2\/pages\/1053\"><input type=\"hidden\" name=\"url_referer\" value=\"\"><button type=\"submit\" name=\"wpforms[submit]\" id=\"wpforms-submit-1128\" class=\"wpforms-submit\" data-alt-text=\"Envoi en cours...\" data-submit-text=\"Envoyer\" aria-live=\"assertive\" value=\"wpforms-submit\">Envoyer<\/button><img loading=\"lazy\" decoding=\"async\" src=\"https:\/\/lightrest.codeline.fr\/wp-content\/plugins\/wpforms-lite\/assets\/images\/submit-spin.svg\" class=\"wpforms-submit-spinner\" style=\"display: none;\" width=\"26\" height=\"26\" alt=\"Chargement en cours\"><\/div><\/form><\/div>  <!-- .wpforms-container -->","protected":false},"excerpt":{"rendered":"<p>Un coup de main ? Les concepteurs de LightREST d\u00e9veloppent sous WinDev\u00ae depuis presque 30 ans.L&rsquo;utilisation conjointe de WinDev\u00ae et d&rsquo;autres technologies (de plus bas niveau) ont permis la r\u00e9alisation du composant LightREST, qui est utilis\u00e9 en production depuis plusieurs ann\u00e9es par les \u00e9quipes de la soci\u00e9t\u00e9 CODE LINE. La soci\u00e9t\u00e9&nbsp;CODE LINE&nbsp;(membre du groupe&nbsp;SILICO) est [&hellip;]<\/p>\n","protected":false},"author":2,"featured_media":0,"parent":0,"menu_order":0,"comment_status":"closed","ping_status":"closed","template":"","meta":{"footnotes":""},"class_list":["post-1053","page","type-page","status-publish","hentry"],"aioseo_notices":[],"_links":{"self":[{"href":"https:\/\/lightrest.codeline.fr\/index.php\/wp-json\/wp\/v2\/pages\/1053","targetHints":{"allow":["GET"]}}],"collection":[{"href":"https:\/\/lightrest.codeline.fr\/index.php\/wp-json\/wp\/v2\/pages"}],"about":[{"href":"https:\/\/lightrest.codeline.fr\/index.php\/wp-json\/wp\/v2\/types\/page"}],"author":[{"embeddable":true,"href":"https:\/\/lightrest.codeline.fr\/index.php\/wp-json\/wp\/v2\/users\/2"}],"replies":[{"embeddable":true,"href":"https:\/\/lightrest.codeline.fr\/index.php\/wp-json\/wp\/v2\/comments?post=1053"}],"version-history":[{"count":18,"href":"https:\/\/lightrest.codeline.fr\/index.php\/wp-json\/wp\/v2\/pages\/1053\/revisions"}],"predecessor-version":[{"id":1537,"href":"https:\/\/lightrest.codeline.fr\/index.php\/wp-json\/wp\/v2\/pages\/1053\/revisions\/1537"}],"wp:attachment":[{"href":"https:\/\/lightrest.codeline.fr\/index.php\/wp-json\/wp\/v2\/media?parent=1053"}],"curies":[{"name":"wp","href":"https:\/\/api.w.org\/{rel}","templated":true}]}}